{"id":646,"date":"2023-04-21T15:46:50","date_gmt":"2023-04-21T13:46:50","guid":{"rendered":"https:\/\/www.liberteschool.co.za\/primary\/?page_id=646"},"modified":"2023-04-21T15:46:50","modified_gmt":"2023-04-21T13:46:50","slug":"kinderkinetics","status":"publish","type":"page","link":"https:\/\/www.liberteschool.co.za\/primary\/curriculum\/kinderkinetics\/","title":{"rendered":"Kinderkinetics"},"content":{"rendered":"<div class=\"wpb-content-wrapper\"><p>[vc_row][vc_column width=&#8221;1\/2&#8243; css=&#8221;.vc_custom_1459847629856{margin-bottom: 0px !important;}&#8221;][vc_custom_heading text=&#8221;Overview&#8221;][vc_column_text css=&#8221;.vc_custom_1682084795211{padding-right: 20px !important;}&#8221;]Kinderkinetics is an exciting specialised paediatric field derived from biokinetics that aims to increase the health and well-being of developing children between 0 to 13 years of age by stimulating, promoting and rectifying age-specific neuro-motor and physical skills. This includes sensory-motor development, perceptual-motor development, and group-based and individual sports development programs.[\/vc_column_text][vc_tta_accordion][vc_tta_section title=&#8221;French&#8221; tab_id=&#8221;1681806715567-9953a8c4-b47d&#8221;][vc_column_text]As part of our first additional language programme, French follows the Common European Framework of Reference for languages and is structured to develop competency in the four key language learning areas of speaking, reading, writing and listening. The course aims to prepare first-language French students for the <em>Test d\u2019Evaluation de Fran\u00e7ais<\/em> (TEF), and second-language students for the <em>Dipl\u00f4me d&#8217;\u00e9tudes en Langue Fran\u00e7aise<\/em> (DELF) and <em>Dipl\u00f4me Approfondi de Langue Fran\u00e7aise<\/em> which includes oral comprehension, written expression, written expression, vocabulary and syntax.[\/vc_column_text][\/vc_tta_section][vc_tta_section title=&#8221;Afrikaans&#8221; tab_id=&#8221;1681806715586-509892c7-ebc0&#8243;][vc_column_text]As part of the Germanic group of languages, communicating in Afrikaans facilitates learning other Germanic languages, such as German and Dutch. The programme is designed to prepare learners for the\u00a0Cambridge IGCSE Afrikaans as a Second Language qualification.\u00a0The programme is designed to develop learners\u2019 ability to understand and use Afrikaans in a range of situations, builds learners\u2019 awareness of the nature of language and the language-learning skills of reading, writing, and listening focuses on practical communication for everyday use.[\/vc_column_text][\/vc_tta_section][vc_tta_section title=&#8221;German&#8221; tab_id=&#8221;1681819065478-34da630f-c153&#8243;][vc_column_text]Our German programme is designed for students learning German as a foreign language, and private tutoring is available for native German speakers. The programme aims to develop the ability to use the language effectively for practical communication. The course is based on the linked language skills of listening, reading, speaking and writing, which are built on as learners progress through their studies.<\/p>\n<p>The syllabus also aims to offer insights into the culture of countries where German is spoken, thus encouraging positive attitudes towards language learning and speakers of other languages. It helps students prepare for the German The Common European Framework of Reference for level A qualification.[\/vc_column_text][\/vc_tta_section][vc_tta_section title=&#8221;isiXhosa&#8221; tab_id=&#8221;1681819077691-2d63c1be-2411&#8243;][vc_column_text]As part of the Nguni group of languages, communicating in isiXhosa facilitates an understanding of isiZulu, isiNdebele and Siswati. Along with English and Afrikaans, isiXhosa is also one of the three official languages of the Western Cape Province and spoke in five of our nine provinces. Our isiXhosa curriculum is still under development and will aim to introduce learners to the isiXhosa culture while focusing on reading, writing and spoken communication.[\/vc_column_text][\/vc_tta_section][\/vc_tta_accordion][\/vc_column][vc_column width=&#8221;1\/2&#8243;][vc_single_image image=&#8221;520&#8243; img_size=&#8221;full&#8221;][vc_single_image image=&#8221;229&#8243; img_size=&#8221;full&#8221;][\/vc_column][\/vc_row]<\/p>\n<\/div>","protected":false},"excerpt":{"rendered":"<p>[vc_row][vc_column width=&#8221;1\/2&#8243; css=&#8221;.vc_custom_1459847629856{margin-bottom: 0px !important;}&#8221;][vc_custom_heading text=&#8221;Overview&#8221;][vc_column_text css=&#8221;.vc_custom_1682084795211{padding-right: 20px !important;}&#8221;]Kinderkinetics is an exciting specialised paediatric field derived from biokinetics that aims to increase the health and well-being of developing children between 0 to 13 years of age by stimulating, promoting and rectifying age-specific neuro-motor and physical skills. This includes sensory-motor development, perceptual-motor development, and group-based and individual sports development programs.[\/vc_column_text][vc_tta_accordion][vc_tta_section title=&#8221;French&#8221;&nbsp;<a href=\"https:\/\/www.liberteschool.co.za\/primary\/curriculum\/kinderkinetics\/\">&hellip;<\/a><\/p>\n","protected":false},"author":1,"featured_media":0,"parent":69,"menu_order":4,"comment_status":"closed","ping_status":"closed","template":"template-sidebar-left-childpages.php","meta":{"footnotes":""},"class_list":["post-646","page","type-page","status-publish","hentry","odd"],"_links":{"self":[{"href":"https:\/\/www.liberteschool.co.za\/primary\/wp-json\/wp\/v2\/pages\/646","targetHints":{"allow":["GET"]}}],"collection":[{"href":"https:\/\/www.liberteschool.co.za\/primary\/wp-json\/wp\/v2\/pages"}],"about":[{"href":"https:\/\/www.liberteschool.co.za\/primary\/wp-json\/wp\/v2\/types\/page"}],"author":[{"embeddable":true,"href":"https:\/\/www.liberteschool.co.za\/primary\/wp-json\/wp\/v2\/users\/1"}],"replies":[{"embeddable":true,"href":"https:\/\/www.liberteschool.co.za\/primary\/wp-json\/wp\/v2\/comments?post=646"}],"version-history":[{"count":2,"href":"https:\/\/www.liberteschool.co.za\/primary\/wp-json\/wp\/v2\/pages\/646\/revisions"}],"predecessor-version":[{"id":648,"href":"https:\/\/www.liberteschool.co.za\/primary\/wp-json\/wp\/v2\/pages\/646\/revisions\/648"}],"up":[{"embeddable":true,"href":"https:\/\/www.liberteschool.co.za\/primary\/wp-json\/wp\/v2\/pages\/69"}],"wp:attachment":[{"href":"https:\/\/www.liberteschool.co.za\/primary\/wp-json\/wp\/v2\/media?parent=646"}],"curies":[{"name":"wp","href":"https:\/\/api.w.org\/{rel}","templated":true}]}}